{"id":6136,"date":"2023-01-16T12:34:01","date_gmt":"2023-01-16T12:34:01","guid":{"rendered":"https:\/\/sad-shockley.54-36-183-106.plesk.page\/?page_id=6136"},"modified":"2023-11-21T16:47:35","modified_gmt":"2023-11-21T16:47:35","slug":"nos-services","status":"publish","type":"page","link":"https:\/\/coworking.m-c-w.fr\/?page_id=6136","title":{"rendered":"SAV"},"content":{"rendered":"[vc_row type=\u00a0\u00bbfull_width_content\u00a0\u00bb full_screen_row_position=\u00a0\u00bbmiddle\u00a0\u00bb column_margin=\u00a0\u00bbdefault\u00a0\u00bb equal_height=\u00a0\u00bbyes\u00a0\u00bb content_placement=\u00a0\u00bbmiddle\u00a0\u00bb column_direction=\u00a0\u00bbdefault\u00a0\u00bb column_direction_tablet=\u00a0\u00bbdefault\u00a0\u00bb column_direction_phone=\u00a0\u00bbdefault\u00a0\u00bb scene_position=\u00a0\u00bbcenter\u00a0\u00bb text_color=\u00a0\u00bbdark\u00a0\u00bb text_align=\u00a0\u00bbleft\u00a0\u00bb row_border_radius=\u00a0\u00bbnone\u00a0\u00bb row_border_radius_applies=\u00a0\u00bbbg\u00a0\u00bb overlay_strength=\u00a0\u00bb0.3&Prime; gradient_direction=\u00a0\u00bbleft_to_right\u00a0\u00bb shape_divider_position=\u00a0\u00bbbottom\u00a0\u00bb bg_image_animation=\u00a0\u00bbnone\u00a0\u00bb shape_type=\u00a0\u00bb\u00a0\u00bb][vc_column column_padding=\u00a0\u00bbpadding-10-percent\u00a0\u00bb column_padding_tablet=\u00a0\u00bbinherit\u00a0\u00bb column_padding_phone=\u00a0\u00bbinherit\u00a0\u00bb column_padding_position=\u00a0\u00bball\u00a0\u00bb column_element_spacing=\u00a0\u00bbdefault\u00a0\u00bb background_color=\u00a0\u00bb#f4f4f4&Prime; background_color_opacity=\u00a0\u00bb1&Prime; background_hover_color_opacity=\u00a0\u00bb1&Prime; column_shadow=\u00a0\u00bbnone\u00a0\u00bb column_border_radius=\u00a0\u00bbnone\u00a0\u00bb column_link_target=\u00a0\u00bb_self\u00a0\u00bb gradient_direction=\u00a0\u00bbleft_to_right\u00a0\u00bb overlay_strength=\u00a0\u00bb0.3&Prime; width=\u00a0\u00bb1\/2&Prime; tablet_width_inherit=\u00a0\u00bbdefault\u00a0\u00bb tablet_text_alignment=\u00a0\u00bbdefault\u00a0\u00bb phone_text_alignment=\u00a0\u00bbdefault\u00a0\u00bb bg_image_animation=\u00a0\u00bbnone\u00a0\u00bb border_type=\u00a0\u00bbsimple\u00a0\u00bb column_border_width=\u00a0\u00bbnone\u00a0\u00bb column_border_style=\u00a0\u00bbsolid\u00a0\u00bb][vc_row_inner column_margin=\u00a0\u00bbdefault\u00a0\u00bb column_direction=\u00a0\u00bbdefault\u00a0\u00bb column_direction_tablet=\u00a0\u00bbdefault\u00a0\u00bb column_direction_phone=\u00a0\u00bbdefault\u00a0\u00bb text_align=\u00a0\u00bbleft\u00a0\u00bb][vc_column_inner column_padding=\u00a0\u00bbno-extra-padding\u00a0\u00bb column_padding_tablet=\u00a0\u00bbinherit\u00a0\u00bb column_padding_phone=\u00a0\u00bbinherit\u00a0\u00bb column_padding_position=\u00a0\u00bball\u00a0\u00bb column_element_spacing=\u00a0\u00bbdefault\u00a0\u00bb background_color_opacity=\u00a0\u00bb1&Prime; background_hover_color_opacity=\u00a0\u00bb1&Prime; column_shadow=\u00a0\u00bbnone\u00a0\u00bb column_border_radius=\u00a0\u00bbnone\u00a0\u00bb column_link_target=\u00a0\u00bb_self\u00a0\u00bb gradient_direction=\u00a0\u00bbleft_to_right\u00a0\u00bb overlay_strength=\u00a0\u00bb0.3&Prime; width=\u00a0\u00bb1\/1&Prime; tablet_width_inherit=\u00a0\u00bbdefault\u00a0\u00bb bg_image_animation=\u00a0\u00bbnone\u00a0\u00bb enable_animation=\u00a0\u00bbtrue\u00a0\u00bb animation=\u00a0\u00bbfade-in-from-bottom\u00a0\u00bb border_type=\u00a0\u00bbsimple\u00a0\u00bb column_border_width=\u00a0\u00bbnone\u00a0\u00bb column_border_style=\u00a0\u00bbsolid\u00a0\u00bb][vc_custom_heading text=\u00a0\u00bbLe suivi MR Confort via un carnet d\u2019entretien\u00a0\u00bb font_container=\u00a0\u00bbtag:h5|text_align:left|color:%23007bc4&Prime; use_theme_fonts=\u00a0\u00bbyes\u00a0\u00bb css=\u00a0\u00bb.vc_custom_1692786128465{margin-bottom: 10px !important;}\u00a0\u00bb][vc_custom_heading text=\u00a0\u00bbOptimisez la performance et la durabilit\u00e9 de vos pompes \u00e0 chaleur et planchers chauffants gr\u00e2ce \u00e0 un carnet d&rsquo;entretien d\u00e9di\u00e9.<\/p>\n<p><b>Voici les avantages incontestables :<\/b><\/p>\n<p><b>1. Efficacit\u00e9 maximale <\/b><br \/>\nUn carnet d&rsquo;entretien documente les op\u00e9rations de maintenance r\u00e9guli\u00e8res, garantissant ainsi que vos syst\u00e8mes fonctionnent \u00e0 leur plein potentiel, \u00e9conomisant de l&rsquo;\u00e9nergie et r\u00e9duisant les co\u00fbts \u00e0 long terme.<br \/>\n<b>2. Pr\u00e9vention des pannes <\/b><br \/>\nEn enregistrant chaque intervention et en effectuant des v\u00e9rifications r\u00e9guli\u00e8res, vous \u00e9vitez les probl\u00e8mes majeurs avant qu&rsquo;ils ne surviennent, assurant une fiabilit\u00e9 accrue et \u00e9vitant les interruptions g\u00eanantes.<br \/>\n<b>3. Dur\u00e9e de vie prolong\u00e9e <\/b><br \/>\nUn entretien r\u00e9gulier et bien document\u00e9 pr\u00e9serve l&rsquo;int\u00e9grit\u00e9 de vos \u00e9quipements. Vos pompes \u00e0 chaleur et planchers chauffants dureront plus longtemps, ce qui repr\u00e9sente un investissement judicieux pour l&rsquo;avenir.<br \/>\n<b>4. Maintien de la garantie <\/b><br \/>\nBeaucoup de fabricants exigent des preuves d&rsquo;entretien pour maintenir les garanties. Un carnet d&rsquo;entretien en bonne et due forme prot\u00e8ge vos droits en cas de besoin de r\u00e9parations couvertes.<br \/>\n<b>5. Tra\u00e7abilit\u00e9 facilit\u00e9e <\/b><br \/>\nEn gardant une trace claire des entretiens pass\u00e9s, vous simplifiez la communication avec les professionnels lors des visites de maintenance, acc\u00e9l\u00e9rant les processus et \u00e9vitant les confusions.<br \/>\n<b>6. Valeur de revente <\/b><br \/>\nSi vous d\u00e9cidez de vendre votre propri\u00e9t\u00e9, un carnet d&rsquo;entretien complet d\u00e9montre le soin apport\u00e9 \u00e0 vos syst\u00e8mes, ce qui peut augmenter la valeur per\u00e7ue de votre maison.<br \/>\n<b>7. Confort continu <\/b><br \/>\nEn maintenant vos syst\u00e8mes en bon \u00e9tat, vous garantissez un confort constant pour vous et votre famille, sans fluctuations de temp\u00e9rature d\u00e9sagr\u00e9ables ni pannes soudaines.<\/p>\n<p>Investissez dans la durabilit\u00e9 et l&rsquo;efficacit\u00e9 en mettant en place un <b>carnet d&rsquo;entretien pour vos pompes \u00e0 chaleur et planchers chauffants<\/b>. Avec une planification rigoureuse, vous r\u00e9colterez les b\u00e9n\u00e9fices d&rsquo;un confort constant et d&rsquo;\u00e9conomies d&rsquo;\u00e9nergie tout en pr\u00e9servant la valeur de votre investissement.\u00a0\u00bb font_container=\u00a0\u00bbtag:p|text_align:left|color:rgba(10%2C10%2C10%2C0.6)\u00a0\u00bb use_theme_fonts=\u00a0\u00bbyes\u00a0\u00bb][\/vc_column_inner][\/vc_row_inner][\/vc_column][vc_column column_padding=\u00a0\u00bbno-extra-padding\u00a0\u00bb column_padding_tablet=\u00a0\u00bbinherit\u00a0\u00bb column_padding_phone=\u00a0\u00bbinherit\u00a0\u00bb column_padding_position=\u00a0\u00bball\u00a0\u00bb column_element_spacing=\u00a0\u00bbdefault\u00a0\u00bb background_color_opacity=\u00a0\u00bb1&Prime; background_hover_color_opacity=\u00a0\u00bb1&Prime; background_image=\u00a0\u00bb6055&Prime; background_image_position=\u00a0\u00bbcenter center\u00a0\u00bb enable_bg_scale=\u00a0\u00bbtrue\u00a0\u00bb background_image_loading=\u00a0\u00bbdefault\u00a0\u00bb column_shadow=\u00a0\u00bbnone\u00a0\u00bb column_border_radius=\u00a0\u00bbnone\u00a0\u00bb column_link_target=\u00a0\u00bb_self\u00a0\u00bb gradient_direction=\u00a0\u00bbleft_to_right\u00a0\u00bb overlay_strength=\u00a0\u00bb0.3&Prime; width=\u00a0\u00bb1\/2&Prime; tablet_width_inherit=\u00a0\u00bbdefault\u00a0\u00bb tablet_text_alignment=\u00a0\u00bbdefault\u00a0\u00bb phone_text_alignment=\u00a0\u00bbdefault\u00a0\u00bb bg_image_animation=\u00a0\u00bbnone\u00a0\u00bb border_type=\u00a0\u00bbsimple\u00a0\u00bb column_border_width=\u00a0\u00bbnone\u00a0\u00bb column_border_style=\u00a0\u00bbsolid\u00a0\u00bb][image_with_animation image_url=\u00a0\u00bb6443&Prime; animation=\u00a0\u00bbFade In\u00a0\u00bb hover_animation=\u00a0\u00bbnone\u00a0\u00bb alignment=\u00a0\u00bb\u00a0\u00bb border_radius=\u00a0\u00bbnone\u00a0\u00bb box_shadow=\u00a0\u00bbnone\u00a0\u00bb image_loading=\u00a0\u00bbdefault\u00a0\u00bb max_width=\u00a0\u00bb110%\u00a0\u00bb max_width_mobile=\u00a0\u00bbdefault\u00a0\u00bb margin_bottom=\u00a0\u00bb3%\u00a0\u00bb][image_with_animation image_url=\u00a0\u00bb6564&Prime; animation=\u00a0\u00bbFade In\u00a0\u00bb hover_animation=\u00a0\u00bbnone\u00a0\u00bb alignment=\u00a0\u00bb\u00a0\u00bb border_radius=\u00a0\u00bbnone\u00a0\u00bb box_shadow=\u00a0\u00bbnone\u00a0\u00bb image_loading=\u00a0\u00bbdefault\u00a0\u00bb max_width=\u00a0\u00bb100%\u00a0\u00bb max_width_mobile=\u00a0\u00bbdefault\u00a0\u00bb margin_bottom=\u00a0\u00bb3%\u00a0\u00bb][image_with_animation image_url=\u00a0\u00bb6565&Prime; animation=\u00a0\u00bbFade In\u00a0\u00bb hover_animation=\u00a0\u00bbnone\u00a0\u00bb alignment=\u00a0\u00bb\u00a0\u00bb border_radius=\u00a0\u00bbnone\u00a0\u00bb box_shadow=\u00a0\u00bbnone\u00a0\u00bb image_loading=\u00a0\u00bbdefault\u00a0\u00bb max_width=\u00a0\u00bb100%\u00a0\u00bb max_width_mobile=\u00a0\u00bbdefault\u00a0\u00bb][\/vc_column][\/vc_row]\n","protected":false},"excerpt":{"rendered":"<p>[vc_row type=\u00a0\u00bbfull_width_content\u00a0\u00bb full_screen_row_position=\u00a0\u00bbmiddle\u00a0\u00bb column_margin=\u00a0\u00bbdefault\u00a0\u00bb equal_height=\u00a0\u00bbyes\u00a0\u00bb content_placement=\u00a0\u00bbmiddle\u00a0\u00bb column_direction=\u00a0\u00bbdefault\u00a0\u00bb column_direction_tablet=\u00a0\u00bbdefault\u00a0\u00bb column_direction_phone=\u00a0\u00bbdefault\u00a0\u00bb scene_position=\u00a0\u00bbcenter\u00a0\u00bb text_color=\u00a0\u00bbdark\u00a0\u00bb text_align=\u00a0\u00bbleft\u00a0\u00bb row_border_radius=\u00a0\u00bbnone\u00a0\u00bb row_border_radius_applies=\u00a0\u00bbbg\u00a0\u00bb overlay_strength=\u00a0\u00bb0.3&Prime; gradient_direction=\u00a0\u00bbleft_to_right\u00a0\u00bb shape_divider_position=\u00a0\u00bbbottom\u00a0\u00bb bg_image_animation=\u00a0\u00bbnone\u00a0\u00bb shape_type=\u00a0\u00bb\u00a0\u00bb][vc_column column_padding=\u00a0\u00bbpadding-10-percent\u00a0\u00bb column_padding_tablet=\u00a0\u00bbinherit\u00a0\u00bb column_padding_phone=\u00a0\u00bbinherit\u00a0\u00bb column_padding_position=\u00a0\u00bball\u00a0\u00bb column_element_spacing=\u00a0\u00bbdefault\u00a0\u00bb background_color=\u00a0\u00bb#f4f4f4&Prime;&#8230;<\/p>\n","protected":false},"author":1,"featured_media":0,"parent":0,"menu_order":0,"comment_status":"closed","ping_status":"closed","template":"","meta":{"footnotes":""},"class_list":["post-6136","page","type-page","status-publish"],"_links":{"self":[{"href":"https:\/\/coworking.m-c-w.fr\/index.php?rest_route=\/wp\/v2\/pages\/6136","targetHints":{"allow":["GET"]}}],"collection":[{"href":"https:\/\/coworking.m-c-w.fr\/index.php?rest_route=\/wp\/v2\/pages"}],"about":[{"href":"https:\/\/coworking.m-c-w.fr\/index.php?rest_route=\/wp\/v2\/types\/page"}],"author":[{"embeddable":true,"href":"https:\/\/coworking.m-c-w.fr\/index.php?rest_route=\/wp\/v2\/users\/1"}],"replies":[{"embeddable":true,"href":"https:\/\/coworking.m-c-w.fr\/index.php?rest_route=%2Fwp%2Fv2%2Fcomments&post=6136"}],"version-history":[{"count":33,"href":"https:\/\/coworking.m-c-w.fr\/index.php?rest_route=\/wp\/v2\/pages\/6136\/revisions"}],"predecessor-version":[{"id":6590,"href":"https:\/\/coworking.m-c-w.fr\/index.php?rest_route=\/wp\/v2\/pages\/6136\/revisions\/6590"}],"wp:attachment":[{"href":"https:\/\/coworking.m-c-w.fr\/index.php?rest_route=%2Fwp%2Fv2%2Fmedia&parent=6136"}],"curies":[{"name":"wp","href":"https:\/\/api.w.org\/{rel}","templated":true}]}}